{"id":11,"date":"2022-06-16T11:29:28","date_gmt":"2022-06-16T11:29:28","guid":{"rendered":"https:\/\/gag-ajah.com\/web\/?page_id=11"},"modified":"2024-07-02T08:01:34","modified_gmt":"2024-07-02T08:01:34","slug":"estudio","status":"publish","type":"page","link":"https:\/\/gag-ajah.com\/web\/estudio\/","title":{"rendered":"Estudio"},"content":{"rendered":"<p>[et_pb_section fb_built=\u00bb1&#8243; admin_label=\u00bbHeader\u00bb _builder_version=\u00bb4.16&#8243; _module_preset=\u00bbdefault\u00bb custom_padding=\u00bb110px||110px|\u00bb global_colors_info=\u00bb{}\u00bb][et_pb_row column_structure=\u00bb1_2,1_2&#8243; admin_label=\u00bbTitle Area\u00bb _builder_version=\u00bb4.17.4&#8243; _module_preset=\u00bbdefault\u00bb custom_padding=\u00bb32px|0px|27px|0px|false|false\u00bb global_colors_info=\u00bb{}\u00bb][et_pb_column type=\u00bb1_2&#8243; _builder_version=\u00bb4.16&#8243; _module_preset=\u00bbdefault\u00bb custom_padding=\u00bb|||\u00bb global_colors_info=\u00bb{}\u00bb custom_padding__hover=\u00bb|||\u00bb][et_pb_text admin_label=\u00bbTitle\u00bb _builder_version=\u00bb4.17.4&#8243; _module_preset=\u00bbdefault\u00bb text_font=\u00bb||||||||\u00bb header_font=\u00bb||||||||\u00bb header_2_font=\u00bbNunito||||||||\u00bb header_2_text_align=\u00bbcenter\u00bb header_2_text_color=\u00bb#263954&#8243; header_2_font_size=\u00bb36px\u00bb header_2_line_height=\u00bb1.4em\u00bb max_width=\u00bb600px\u00bb module_alignment=\u00bbcenter\u00bb custom_margin=\u00bb||5px|\u00bb animation_style=\u00bbfold\u00bb animation_direction=\u00bbbottom\u00bb animation_intensity_fold=\u00bb20%\u00bb animation_starting_opacity=\u00bb100%\u00bb global_colors_info=\u00bb{}\u00bb]<\/p>\n<h1 style=\"text-align: center;\">ESTUDIO<\/h1>\n<p>[\/et_pb_text][et_pb_divider color=\u00bb#000000&#8243; divider_position=\u00bbcenter\u00bb divider_weight=\u00bb2px\u00bb _builder_version=\u00bb4.17.4&#8243; _module_preset=\u00bbdefault\u00bb max_width=\u00bb50px\u00bb module_alignment=\u00bbcenter\u00bb global_colors_info=\u00bb{}\u00bb][\/et_pb_divider][et_pb_text _builder_version=\u00bb4.17.4&#8243; _module_preset=\u00bbdefault\u00bb text_font=\u00bb||||||||\u00bb text_text_color=\u00bb#707985&#8243; text_font_size=\u00bb15px\u00bb text_line_height=\u00bb1.8em\u00bb max_width=\u00bb800px\u00bb module_alignment=\u00bbcenter\u00bb custom_margin=\u00bb||35px|\u00bb animation_style=\u00bbfold\u00bb animation_direction=\u00bbbottom\u00bb animation_intensity_fold=\u00bb20%\u00bb animation_starting_opacity=\u00bb100%\u00bb global_colors_info=\u00bb{}\u00bb]<\/p>\n<p style=\"text-align: justify;\"><strong>GAG-AJAH<\/strong> es el espacio com\u00fan donde varios profesionales de la arquitectura se encuentran para desarrollar su labor, ofreciendo el mejor servicio en busca de la excelencia en la calidad del producto arquitect\u00f3nico.<\/p>\n<p style=\"text-align: justify;\">El \u00e1mbito de trabajo de GAG-AJAH va desde en dise\u00f1o interior a la urbanizaci\u00f3n y grandes infraestructuras, como edificios de nueva planta, rehabilitaci\u00f3n de edificios hist\u00f3ricos, reformas, ampliaciones, etc. tanto p\u00fablicos como privados.<\/p>\n<p style=\"text-align: justify;\">GAG-AJAH se involucra desde la idea original hasta la recepci\u00f3n final de la obra apta para su uso previsto y su posterior seguimiento y mantenimiento.<\/p>\n<p style=\"text-align: justify;\">GAG-AJAH es el nombre gen\u00e9rico que identifica a las dos sociedades que la forman, poniendo en com\u00fan los equipos e infraestructuras para ser m\u00e1s competitivos:<\/p>\n<p style=\"text-align: justify;\">GAG ARQUITECTOS, S.L.P. fundada por Jose Lorenzo Garc\u00eda Garc\u00eda y<\/p>\n<p style=\"text-align: justify;\">AJAH ARQUITECTOS, S.L.P. fundada por Antonio Alonso Hernandez<\/p>\n<p>[\/et_pb_text][\/et_pb_column][et_pb_column type=\u00bb1_2&#8243; _builder_version=\u00bb4.16&#8243; _module_preset=\u00bbdefault\u00bb custom_padding=\u00bb|||\u00bb global_colors_info=\u00bb{}\u00bb custom_padding__hover=\u00bb|||\u00bb][et_pb_image src=\u00bbhttps:\/\/gag-ajah.com\/web\/wp-content\/uploads\/2022\/06\/estudio-gag-ajah.jpg\u00bb title_text=\u00bbestudio-gag-ajah\u00bb _builder_version=\u00bb4.17.4&#8243; _module_preset=\u00bbdefault\u00bb custom_margin=\u00bb||||false|false\u00bb custom_padding=\u00bb100px||||false|false\u00bb global_colors_info=\u00bb{}\u00bb][\/et_pb_image][\/et_pb_column][\/et_pb_row][et_pb_row admin_label=\u00bbText Area\u00bb module_class=\u00bb parent-column\u00bb _builder_version=\u00bb4.17.4&#8243; _module_preset=\u00bbdefault\u00bb global_colors_info=\u00bb{}\u00bb][et_pb_column type=\u00bb4_4&#8243; _builder_version=\u00bb4.16&#8243; _module_preset=\u00bbdefault\u00bb custom_padding=\u00bb|||\u00bb global_colors_info=\u00bb{}\u00bb custom_padding__hover=\u00bb|||\u00bb][et_pb_accordion _builder_version=\u00bb4.17.4&#8243; _module_preset=\u00bbdefault\u00bb global_colors_info=\u00bb{}\u00bb][et_pb_accordion_item title=\u00bbComponentes\u00bb open=\u00bboff\u00bb _builder_version=\u00bb4.17.4&#8243; _module_preset=\u00bbdefault\u00bb global_colors_info=\u00bb{}\u00bb]<\/p>\n<div class=\"divi-module-destination\"><\/div>\n<p>[\/et_pb_accordion_item][et_pb_accordion_item title=\u00bbTrayectoria\u00bb _builder_version=\u00bb4.17.4&#8243; _module_preset=\u00bbdefault\u00bb global_colors_info=\u00bb{}\u00bb open=\u00bboff\u00bb][\/et_pb_accordion_item][et_pb_accordion_item title=\u00bbServicios\u00bb _builder_version=\u00bb4.17.4&#8243; _module_preset=\u00bbdefault\u00bb global_colors_info=\u00bb{}\u00bb open=\u00bbon\u00bb][\/et_pb_accordion_item][\/et_pb_accordion][et_pb_team_member name=\u00bbJos\u00e9 Lorenzo Garc\u00eda Garc\u00eda\u00bb position=\u00bbArquitecto fundador\u00bb image_url=\u00bbhttps:\/\/gag-ajah.com\/web\/wp-content\/uploads\/2022\/06\/gag.jpg\u00bb linkedin_url=\u00bbhttps:\/\/es.linkedin.com\/in\/jos%C3%A9-lorenzo-garc%C3%ADa-48b80372?original_referer=\u00bb module_class=\u00bbdivi-portable-module\u00bb _builder_version=\u00bb4.17.4&#8243; _module_preset=\u00bbdefault\u00bb global_colors_info=\u00bb{}\u00bb][\/et_pb_team_member][et_pb_team_member name=\u00bbAntonio Alonso Hern\u00e1ndez\u00bb position=\u00bbArquitecto fundador\u00bb image_url=\u00bbhttps:\/\/gag-ajah.com\/web\/wp-content\/uploads\/2022\/06\/ajah.jpg\u00bb linkedin_url=\u00bbhttps:\/\/es.linkedin.com\/in\/antonio-alonso-hernandez-5a645345?original_referer=\u00bb module_class=\u00bbdivi-portable-module\u00bb _builder_version=\u00bb4.17.4&#8243; _module_preset=\u00bbdefault\u00bb global_colors_info=\u00bb{}\u00bb][\/et_pb_team_member][et_pb_code _builder_version=\u00bb4.17.4&#8243; _module_preset=\u00bbdefault\u00bb global_colors_info=\u00bb{}\u00bb]<script><!-- [et_pb_line_break_holder] -->  (function ($) {<!-- [et_pb_line_break_holder] -->  $(document).ready(function () {<!-- [et_pb_line_break_holder] --> <!-- [et_pb_line_break_holder] -->    \/\/ Option #1: Move Divi Module(s) into a Module<!-- [et_pb_line_break_holder] -->    \/\/ Limit: One Instance per Column<!-- [et_pb_line_break_holder] -->    \/\/ Use following code if you want to move <!-- [et_pb_line_break_holder] -->    \/\/ a module inside another module. Each column with the<!-- [et_pb_line_break_holder] -->    \/\/ class 'parent-column' will append any module(s)<!-- [et_pb_line_break_holder] -->    \/\/ with the class 'divi-portable-module' to the div<!-- [et_pb_line_break_holder] -->    \/\/ with the class 'divi-module-destination'.<!-- [et_pb_line_break_holder] -->    \/\/ Only one instance of 'divi-module-destination' should<!-- [et_pb_line_break_holder] -->    \/\/ be added per column.<!-- [et_pb_line_break_holder] -->    $('.divi-portable-module').each(function () {<!-- [et_pb_line_break_holder] -->      $(this).closest('.parent-column').find('.divi-module-destination').append($(this));<!-- [et_pb_line_break_holder] -->    });<!-- [et_pb_line_break_holder] -->     <!-- [et_pb_line_break_holder] -->    \/\/ Buttons: Insert Button Module(s) into a Module<!-- [et_pb_line_break_holder] -->    \/\/ Adding a custom CSS class to a button module<!-- [et_pb_line_break_holder] -->    \/\/ is applied to the 'a' tag which is a child element<!-- [et_pb_line_break_holder] -->    \/\/ of the module wrapper. This code makes sure to append<!-- [et_pb_line_break_holder] -->    \/\/ the entire button module wrapper (the parent element)<!-- [et_pb_line_break_holder] -->    \/\/ as well. This functionality is the same as option #3 above.<!-- [et_pb_line_break_holder] -->    \/\/ Siimply use the class 'divi-portable-button' on a button module<!-- [et_pb_line_break_holder] -->    \/\/ instead of 'divi-portable-module'.<!-- [et_pb_line_break_holder] -->    $('.divi-portable-button').parent().each(function () {<!-- [et_pb_line_break_holder] -->      $(this).closest('.parent-column').find('.divi-module-destination').append($(this));<!-- [et_pb_line_break_holder] -->    });<!-- [et_pb_line_break_holder] --> <!-- [et_pb_line_break_holder] -->    \/\/ Option #2: Move Divi Row(s) into a Module<!-- [et_pb_line_break_holder] -->    \/\/ Limit: One Instance per Section<!-- [et_pb_line_break_holder] -->    \/\/ Use the following code if you want to move <!-- [et_pb_line_break_holder] -->    \/\/ a row inside a module on more than one section<!-- [et_pb_line_break_holder] -->    \/\/ of a page. Each section with the<!-- [et_pb_line_break_holder] -->    \/\/ class 'parent-section' will append any row(s)<!-- [et_pb_line_break_holder] -->    \/\/ with the class 'divi-portable-row' to the div<!-- [et_pb_line_break_holder] -->    \/\/ with the class 'divi-row-destination'.<!-- [et_pb_line_break_holder] -->    \/\/ Only one instance of 'divi-row-destination' should<!-- [et_pb_line_break_holder] -->    \/\/ be added per section.<!-- [et_pb_line_break_holder] -->    $('.divi-portable-row').each(function () {<!-- [et_pb_line_break_holder] -->      $(this).closest('.parent-section').find('.divi-row-destination').append($(this));<!-- [et_pb_line_break_holder] -->    });<!-- [et_pb_line_break_holder] --> <!-- [et_pb_line_break_holder] -->  });<!-- [et_pb_line_break_holder] -->})(jQuery);<!-- [et_pb_line_break_holder] --><\/script>[\/et_pb_code][\/et_pb_column][\/et_pb_row][\/et_pb_section]<\/p>\n","protected":false},"excerpt":{"rendered":"<p>ESTUDIOGAG-AJAH es el espacio com\u00fan donde varios profesionales de la arquitectura se encuentran para desarrollar su labor, ofreciendo el mejor servicio en busca de la excelencia en la calidad del producto arquitect\u00f3nico. El \u00e1mbito de trabajo de GAG-AJAH va desde en dise\u00f1o interior a la urbanizaci\u00f3n y grandes infraestructuras, como edificios de nueva planta, rehabilitaci\u00f3n [&hellip;]<\/p>\n","protected":false},"author":1,"featured_media":0,"parent":0,"menu_order":0,"comment_status":"closed","ping_status":"closed","template":"","meta":{"_acf_changed":false,"_et_pb_use_builder":"on","_et_pb_old_content":"","_et_gb_content_width":"","footnotes":""},"class_list":["post-11","page","type-page","status-publish","hentry"],"acf":[],"yoast_head":"<!-- This site is optimized with the Yoast SEO plugin v27.3 - https:\/\/yoast.com\/product\/yoast-seo-wordpress\/ -->\n<title>Estudio - Gag-Ajah Arquitectos<\/title>\n<meta name=\"robots\" content=\"index, follow, max-snippet:-1, max-image-preview:large, max-video-preview:-1\" \/>\n<link rel=\"canonical\" href=\"https:\/\/gag-ajah.com\/web\/estudio\/\" \/>\n<meta property=\"og:locale\" content=\"es_ES\" \/>\n<meta property=\"og:type\" content=\"article\" \/>\n<meta property=\"og:title\" content=\"Estudio - Gag-Ajah Arquitectos\" \/>\n<meta property=\"og:description\" content=\"ESTUDIOGAG-AJAH es el espacio com\u00fan donde varios profesionales de la arquitectura se encuentran para desarrollar su labor, ofreciendo el mejor servicio en busca de la excelencia en la calidad del producto arquitect\u00f3nico. El \u00e1mbito de trabajo de GAG-AJAH va desde en dise\u00f1o interior a la urbanizaci\u00f3n y grandes infraestructuras, como edificios de nueva planta, rehabilitaci\u00f3n [&hellip;]\" \/>\n<meta property=\"og:url\" content=\"https:\/\/gag-ajah.com\/web\/estudio\/\" \/>\n<meta property=\"og:site_name\" content=\"Gag-Ajah Arquitectos\" \/>\n<meta property=\"article:modified_time\" content=\"2024-07-02T08:01:34+00:00\" \/>\n<meta name=\"twitter:card\" content=\"summary_large_image\" \/>\n<meta name=\"twitter:label1\" content=\"Tiempo de lectura\" \/>\n\t<meta name=\"twitter:data1\" content=\"3 minutos\" \/>\n<script type=\"application\/ld+json\" class=\"yoast-schema-graph\">{\"@context\":\"https:\\\/\\\/schema.org\",\"@graph\":[{\"@type\":\"WebPage\",\"@id\":\"https:\\\/\\\/gag-ajah.com\\\/web\\\/estudio\\\/\",\"url\":\"https:\\\/\\\/gag-ajah.com\\\/web\\\/estudio\\\/\",\"name\":\"Estudio - Gag-Ajah Arquitectos\",\"isPartOf\":{\"@id\":\"https:\\\/\\\/gag-ajah.com\\\/web\\\/#website\"},\"datePublished\":\"2022-06-16T11:29:28+00:00\",\"dateModified\":\"2024-07-02T08:01:34+00:00\",\"breadcrumb\":{\"@id\":\"https:\\\/\\\/gag-ajah.com\\\/web\\\/estudio\\\/#breadcrumb\"},\"inLanguage\":\"es\",\"potentialAction\":[{\"@type\":\"ReadAction\",\"target\":[\"https:\\\/\\\/gag-ajah.com\\\/web\\\/estudio\\\/\"]}]},{\"@type\":\"BreadcrumbList\",\"@id\":\"https:\\\/\\\/gag-ajah.com\\\/web\\\/estudio\\\/#breadcrumb\",\"itemListElement\":[{\"@type\":\"ListItem\",\"position\":1,\"name\":\"Portada\",\"item\":\"https:\\\/\\\/gag-ajah.com\\\/web\\\/\"},{\"@type\":\"ListItem\",\"position\":2,\"name\":\"Estudio\"}]},{\"@type\":\"WebSite\",\"@id\":\"https:\\\/\\\/gag-ajah.com\\\/web\\\/#website\",\"url\":\"https:\\\/\\\/gag-ajah.com\\\/web\\\/\",\"name\":\"Gag-Ajah Arquitectos\",\"description\":\"Gestion y desarrollo de Servicios relacionados con la Edificacion, Urbanismo e Infraestructuras\",\"potentialAction\":[{\"@type\":\"SearchAction\",\"target\":{\"@type\":\"EntryPoint\",\"urlTemplate\":\"https:\\\/\\\/gag-ajah.com\\\/web\\\/?s={search_term_string}\"},\"query-input\":{\"@type\":\"PropertyValueSpecification\",\"valueRequired\":true,\"valueName\":\"search_term_string\"}}],\"inLanguage\":\"es\"}]}<\/script>\n<!-- \/ Yoast SEO plugin. -->","yoast_head_json":{"title":"Estudio - Gag-Ajah Arquitectos","robots":{"index":"index","follow":"follow","max-snippet":"max-snippet:-1","max-image-preview":"max-image-preview:large","max-video-preview":"max-video-preview:-1"},"canonical":"https:\/\/gag-ajah.com\/web\/estudio\/","og_locale":"es_ES","og_type":"article","og_title":"Estudio - Gag-Ajah Arquitectos","og_description":"ESTUDIOGAG-AJAH es el espacio com\u00fan donde varios profesionales de la arquitectura se encuentran para desarrollar su labor, ofreciendo el mejor servicio en busca de la excelencia en la calidad del producto arquitect\u00f3nico. El \u00e1mbito de trabajo de GAG-AJAH va desde en dise\u00f1o interior a la urbanizaci\u00f3n y grandes infraestructuras, como edificios de nueva planta, rehabilitaci\u00f3n [&hellip;]","og_url":"https:\/\/gag-ajah.com\/web\/estudio\/","og_site_name":"Gag-Ajah Arquitectos","article_modified_time":"2024-07-02T08:01:34+00:00","twitter_card":"summary_large_image","twitter_misc":{"Tiempo de lectura":"3 minutos"},"schema":{"@context":"https:\/\/schema.org","@graph":[{"@type":"WebPage","@id":"https:\/\/gag-ajah.com\/web\/estudio\/","url":"https:\/\/gag-ajah.com\/web\/estudio\/","name":"Estudio - Gag-Ajah Arquitectos","isPartOf":{"@id":"https:\/\/gag-ajah.com\/web\/#website"},"datePublished":"2022-06-16T11:29:28+00:00","dateModified":"2024-07-02T08:01:34+00:00","breadcrumb":{"@id":"https:\/\/gag-ajah.com\/web\/estudio\/#breadcrumb"},"inLanguage":"es","potentialAction":[{"@type":"ReadAction","target":["https:\/\/gag-ajah.com\/web\/estudio\/"]}]},{"@type":"BreadcrumbList","@id":"https:\/\/gag-ajah.com\/web\/estudio\/#breadcrumb","itemListElement":[{"@type":"ListItem","position":1,"name":"Portada","item":"https:\/\/gag-ajah.com\/web\/"},{"@type":"ListItem","position":2,"name":"Estudio"}]},{"@type":"WebSite","@id":"https:\/\/gag-ajah.com\/web\/#website","url":"https:\/\/gag-ajah.com\/web\/","name":"Gag-Ajah Arquitectos","description":"Gestion y desarrollo de Servicios relacionados con la Edificacion, Urbanismo e Infraestructuras","potentialAction":[{"@type":"SearchAction","target":{"@type":"EntryPoint","urlTemplate":"https:\/\/gag-ajah.com\/web\/?s={search_term_string}"},"query-input":{"@type":"PropertyValueSpecification","valueRequired":true,"valueName":"search_term_string"}}],"inLanguage":"es"}]}},"_links":{"self":[{"href":"https:\/\/gag-ajah.com\/web\/wp-json\/wp\/v2\/pages\/11","targetHints":{"allow":["GET"]}}],"collection":[{"href":"https:\/\/gag-ajah.com\/web\/wp-json\/wp\/v2\/pages"}],"about":[{"href":"https:\/\/gag-ajah.com\/web\/wp-json\/wp\/v2\/types\/page"}],"author":[{"embeddable":true,"href":"https:\/\/gag-ajah.com\/web\/wp-json\/wp\/v2\/users\/1"}],"replies":[{"embeddable":true,"href":"https:\/\/gag-ajah.com\/web\/wp-json\/wp\/v2\/comments?post=11"}],"version-history":[{"count":16,"href":"https:\/\/gag-ajah.com\/web\/wp-json\/wp\/v2\/pages\/11\/revisions"}],"predecessor-version":[{"id":239209,"href":"https:\/\/gag-ajah.com\/web\/wp-json\/wp\/v2\/pages\/11\/revisions\/239209"}],"wp:attachment":[{"href":"https:\/\/gag-ajah.com\/web\/wp-json\/wp\/v2\/media?parent=11"}],"curies":[{"name":"wp","href":"https:\/\/api.w.org\/{rel}","templated":true}]}}